{"id":6604,"date":"2023-04-04T11:09:49","date_gmt":"2023-04-04T09:09:49","guid":{"rendered":"https:\/\/flug-check-in.de\/airport-check-in\/"},"modified":"2023-06-24T20:08:17","modified_gmt":"2023-06-24T18:08:17","slug":"airport-check-in","status":"publish","type":"page","link":"https:\/\/flug-check-in.de\/en\/airport-check-in\/","title":{"rendered":"Airport check-in"},"content":{"rendered":"\n<p>Check-in at the airport is the process of checking passengers&#8217; travel documents, receiving their boarding pass and picking up their checked baggage from the airport or airline. As a rule, there are two ways to check in at the airport:<\/p>\n\n<ol class=\"wp-block-list\">\n<li><a href=\"#schalter\">At the check-in counter<\/a><\/li>\n\n\n\n<li><a href=\"#automaten\">With a check-in kiosk<\/a><\/li>\n\n\n\n<li><a href=\"#online\">Alternative: Online check-in  <\/a><\/li>\n<\/ol>\n\n<h2 class=\"wp-block-heading\" id=\"schalter\">Check-in at the check-in counter<\/h2>\n\n<h3 class=\"wp-block-heading\">1. Find a check-in counter<\/h3>\n\n<div class=\"wp-block-columns is-layout-flex wp-container-core-columns-is-layout-28f84493 wp-block-columns-is-layout-flex\">\n<div class=\"wp-block-column is-layout-flow wp-block-column-is-layout-flow\">\n<p>Once you arrive at the airport, the first thing you need to do is find out where to find your <strong>airline&#8217;s check-in counter<\/strong> . This information can be found on the large displays (screens) displayed in the airport building. As a rule, each airline has its own check-in counter. In the case of smaller airlines or airports, it is also possible that several airlines share the switch.<\/p>\n<\/div>\n\n\n\n<div class=\"wp-block-column is-layout-flow wp-block-column-is-layout-flow\">\n<figure class=\"wp-block-image size-large\"><img decoding=\"async\" width=\"1024\" height=\"683\" src=\"https:\/\/flug-check-in.de\/wp-content\/uploads\/Check-in-Schalter-am-Flughafen-finden-1024x683.jpg\" alt=\"\" class=\"wp-image-5235\" srcset=\"https:\/\/flug-check-in.de\/wp-content\/uploads\/Check-in-Schalter-am-Flughafen-finden-1024x683.jpg 1024w, https:\/\/flug-check-in.de\/wp-content\/uploads\/Check-in-Schalter-am-Flughafen-finden-300x200.jpg 300w, https:\/\/flug-check-in.de\/wp-content\/uploads\/Check-in-Schalter-am-Flughafen-finden-768x512.jpg 768w, https:\/\/flug-check-in.de\/wp-content\/uploads\/Check-in-Schalter-am-Flughafen-finden-1536x1024.jpg 1536w, https:\/\/flug-check-in.de\/wp-content\/uploads\/Check-in-Schalter-am-Flughafen-finden-360x240.jpg 360w, https:\/\/flug-check-in.de\/wp-content\/uploads\/Check-in-Schalter-am-Flughafen-finden.jpg 1800w\" sizes=\"(max-width: 1024px) 100vw, 1024px\" \/><\/figure>\n<\/div>\n<\/div>\n\n<h3 class=\"wp-block-heading\">2. Check in &amp; reserve a seat<\/h3>\n\n<p>Once you have arrived at the correct check-in counter, you must first <strong>show your ID or passport and have your flight tickets (or<\/strong> booking documents) ready. The employee will now check in the flight for you. If you have <strong>any seat requests <\/strong>, it is important to let us know now. You will then receive your boarding pass (or board card), which you will need to board the aircraft. Your seat on the plane is also noted on the boarding pass.  <\/p>\n\n<h3 class=\"wp-block-heading\">3. Check in your baggage<\/h3>\n\n<p>Anschlie\u00dfend wird ihr Gep\u00e4ck gewogen und auf m\u00f6gliche Einschr\u00e4nkungen wie Gr\u00f6\u00dfe, Gewicht und Inhalt \u00fcberpr\u00fcft. Die meisten Fluggesellschaften haben spezifische Gep\u00e4ckrichtlinien, die die Gr\u00f6\u00dfe und das Gewicht des <a href=\"https:\/\/flug-check-in.de\/groesse-und-gewicht-handgepaeck\/\">Handgep\u00e4cks<\/a> und des <a href=\"https:\/\/flug-check-in.de\/gepaeck\/\">aufgegebenen Gep\u00e4cks<\/a> begrenzen.<\/p>\n\n<h2 class=\"wp-block-heading\" id=\"automaten\">Check-in at the check-in machine<\/h2>\n\n<p>The check-in process with a check-in kiosk at the airport may vary depending on the airline and airport, but in general, the steps are similar:<\/p>\n\n<ol class=\"wp-block-list\">\n<li><strong>Passport or ID card scanning:<\/strong> The first step at check-in is to scan the passport or ID card at the machine. This will confirm your identity and allow the system to access your flight details.<\/li>\n\n\n\n<li><strong>Enter flight details:<\/strong> Enter the information about your flight, including the flight number, travel date, and destination. You may also need to enter the number of your booking confirmation or e-ticket.<\/li>\n\n\n\n<li><strong>Checking in baggage:<\/strong> If you have baggage, you can check it in at the baggage drop-off counter. To do this, however, you need to create a baggage tag. Follow the on-screen instructions to print the baggage tag.<\/li>\n\n\n\n<li><strong>Choose a seat:<\/strong> You can choose your seat if offered by your airline. If not, you may be assigned a seat.<\/li>\n\n\n\n<li><strong>Print boarding pass:<\/strong> Once the check-in process is complete, print out your boarding pass. You will need it to pass through security and board the aircraft.<\/li>\n\n\n\n<li><strong>Checking in baggage:<\/strong> After check-in, you can drop off your checked baggage at the baggage drop-off counter and then proceed to security.<\/li>\n<\/ol>\n\n<h2 class=\"wp-block-heading\">What time does airport check-in start?<\/h2>\n\n<p>Check-in usually starts two to three hours before the scheduled departure time and ends 30-45 minutes before departure, depending on the airline and destination.<\/p>\n\n<h4 class=\"wp-block-heading\">Allow enough time<\/h4>\n\n<p>Check-in bedeutet aber nicht, dass Sie sofort beim Flugzeug sind. Nach dem Check-in m\u00fcssen Sie zuerst noch die Sicherheitskontrolle durchqueren. Dabei werden Sie und ihr Handgep\u00e4ck auf verbotene Gegenst\u00e4nde und Materialien \u00fcberpr\u00fcft werden. Was im <a href=\"https:\/\/flug-check-in.de\/handgepaeck-erlaubt\/\">Handgep\u00e4ck erlaubt ist<\/a>, erfahren Sie in diesem Beitrag. <\/p>\n\n<p>If the airport is busy (especially in summer and during peak holiday periods), there may be long waiting times at the check-in counter and at the security checkpoint. Therefore, always plan for a <strong>time safety buffer<\/strong> .<\/p>\n\n<h2 class=\"wp-block-heading\">Check-in at the airport<\/h2>\n\n<p>We have described the check-in options of important airports in detail:<\/p>\n\n<div class=\"wp-block-columns is-layout-flex wp-container-core-columns-is-layout-28f84493 wp-block-columns-is-layout-flex\">\n<div class=\"wp-block-column has-background-color-background-color has-background is-layout-flow wp-block-column-is-layout-flow\">\n<p><\/p>\n\n\n\n<p class=\"has-text-align-center\"><strong><a href=\"https:\/\/flug-check-in.de\/check-in-am-flughafen-amsterdam\/\">Check-in Flughafen Amsterdam<\/a><\/strong> <\/p>\n<\/div>\n\n\n\n<div class=\"wp-block-column has-background-color-background-color has-background is-layout-flow wp-block-column-is-layout-flow\">\n<p><\/p>\n\n\n\n<p class=\"has-text-align-center\"><strong><a href=\"https:\/\/flug-check-in.de\/check-in-am-flughafen-berlin\/\">Check-in Flughafen Berlin<\/a><\/strong><\/p>\n<\/div>\n\n\n\n<div class=\"wp-block-column has-background-color-background-color has-background is-layout-flow wp-block-column-is-layout-flow\">\n<p><\/p>\n\n\n\n<p class=\"has-text-align-center\"><strong><a href=\"https:\/\/flug-check-in.de\/flughafen-frankfurt-check-in\/\">Check-in Frankfurt<\/a><\/strong><\/p>\n<\/div>\n<\/div>\n\n<div class=\"wp-block-columns is-layout-flex wp-container-core-columns-is-layout-28f84493 wp-block-columns-is-layout-flex\">\n<div class=\"wp-block-column has-background-color-background-color has-background is-layout-flow wp-block-column-is-layout-flow\">\n<p><\/p>\n\n\n\n<p class=\"has-text-align-center\"><strong><a href=\"https:\/\/flug-check-in.de\/check-in-am-flughafen-koeln-bonn\/\">Check-in Flughafen K\u00f6ln Bonn<\/a><\/strong><\/p>\n<\/div>\n\n\n\n<div class=\"wp-block-column has-background-color-background-color has-background is-layout-flow wp-block-column-is-layout-flow\">\n<p><\/p>\n\n\n\n<p class=\"has-text-align-center\"><strong><a href=\"https:\/\/flug-check-in.de\/check-in-am-flughafen-muenchen\/\">Check-in Flughafen M\u00fcnchen<\/a><\/strong><\/p>\n<\/div>\n\n\n\n<div class=\"wp-block-column has-background-color-background-color has-background is-layout-flow wp-block-column-is-layout-flow\">\n<p><\/p>\n\n\n\n<p class=\"has-text-align-center\"><strong><a href=\"https:\/\/flug-check-in.de\/check-in-am-flughafen-paris\/\">Check-in Flughafen Paris<\/a><\/strong><\/p>\n<\/div>\n<\/div>\n\n<div class=\"wp-block-columns is-layout-flex wp-container-core-columns-is-layout-28f84493 wp-block-columns-is-layout-flex\">\n<div class=\"wp-block-column has-background-color-background-color has-background is-layout-flow wp-block-column-is-layout-flow\">\n<p><\/p>\n\n\n\n<p class=\"has-text-align-center\"><strong><a href=\"https:\/\/flug-check-in.de\/check-in-am-flughafen-wien\/\">Check-in Flughafen Wien<\/a><\/strong><\/p>\n<\/div>\n\n\n\n<div class=\"wp-block-column has-background-color-background-color has-background is-layout-flow wp-block-column-is-layout-flow\">\n<p><\/p>\n\n\n\n<p class=\"has-text-align-center\"><strong><a href=\"https:\/\/flug-check-in.de\/check-in-am-flughafen-zuerich\/\">Check-in Flughafen Z\u00fcrich<\/a><\/strong><\/p>\n<\/div>\n\n\n\n<div class=\"wp-block-column has-background-color-background-color has-background is-layout-flow wp-block-column-is-layout-flow\">\n<p><\/p>\n\n\n\n<p><a href=\"https:\/\/flug-check-in.de\/check-in-am-flughafen-duesseldorf-dus\/\"><strong>Check-in Flughafen D\u00fcsseldorf<\/strong><\/a><\/p>\n<\/div>\n<\/div>\n\n<h2 class=\"wp-block-heading\">Alternative online check-in<\/h2>\n\n<p>Bei den meisten Fluglinien ist auch ein Online-Check-in Ihres Flugs m\u00f6glich. Dabei f\u00fchren Sie selbst den <a href=\"https:\/\/flug-check-in.de\/fluglinie-aussuchen\">Check-in von zuhause oder unterwegs<\/a> sowie die <a href=\"https:\/\/flug-check-in.de\/sitzplatz\/\">Sitzplatzreservierung<\/a> durch. Das Aufgabegep\u00e4ck geben Sie bei der Ankunft am Flughafen ganz normal beim Check-in-Schalter oder beim Gep\u00e4ckaufgabe-Schalter ab. <\/p>\n\n<div class=\"wp-block-columns is-layout-flex wp-container-core-columns-is-layout-28f84493 wp-block-columns-is-layout-flex\">\n<div class=\"wp-block-column is-layout-flow wp-block-column-is-layout-flow\">\n<div class=\"wp-block-buttons is-layout-flex wp-block-buttons-is-layout-flex\">\n<div class=\"wp-block-button\"><a class=\"wp-block-button__link wp-element-button\" href=\"https:\/\/flug-check-in.de\/fluglinie-aussuchen\">Go to online check-in<\/a><\/div>\n<\/div>\n<\/div>\n<\/div>\n\n<h2 class=\"wp-block-heading\" id=\"online\">What do you need for online check-in?<\/h2>\n\n<p>Online check-in is carried out via the website of the airline that has been assigned to your flight by the tour operator.  <strong>For check-in you will need:<\/strong><\/p>\n\n<ul class=\"wp-block-list\">\n<li>Booking code or ticket number<\/li>\n\n\n\n<li>The passenger&#8217;s name  <\/li>\n\n\n\n<li>Partial: The tour operator reference number<\/li>\n<\/ul>\n\n<p>Wenn Sie Ihre Flugreise \u00fcber einen Reiseveranstalter gebucht haben, erhalten Sie von diesem Buchungsunterlagen bzw. Reisebest\u00e4tigung. In diesen Unterlagen finden Sie auch die <a href=\"https:\/\/flug-check-in.de\/buchungsinformationen-finden\/\">Reiseveranstalter-Referenznummer<\/a>. <\/p>\n","protected":false},"excerpt":{"rendered":"<p>Check-in at the airport is the process of checking passengers&#8217; travel documents, receiving their boarding pass and picking up their checked baggage from the airport or airline. As a rule, there are two ways to check in at the airport: Check-in at the check-in counter 1. Find a check-in counter [&hellip;]<\/p>\n","protected":false},"author":1,"featured_media":6457,"parent":0,"menu_order":0,"comment_status":"closed","ping_status":"closed","template":"","meta":{"_themeisle_gutenberg_block_has_review":false,"footnotes":""},"class_list":["post-6604","page","type-page","status-publish","has-post-thumbnail","hentry"],"yoast_head":"<!-- This site is optimized with the Yoast SEO plugin v27.1.1 - https:\/\/yoast.com\/product\/yoast-seo-wordpress\/ -->\n<title>Check in your flight at the airport - Your options |2026|<\/title>\n<meta name=\"description\" content=\"Would you like to check in your flight at the airport? Then take a look at our check-in guides.\" \/>\n<meta name=\"robots\" content=\"index, follow, max-snippet:-1, max-image-preview:large, max-video-preview:-1\" \/>\n<link rel=\"canonical\" href=\"https:\/\/flug-check-in.de\/en\/airport-check-in\/\" \/>\n<meta property=\"og:locale\" content=\"en_US\" \/>\n<meta property=\"og:type\" content=\"article\" \/>\n<meta property=\"og:title\" content=\"Check in your flight at the airport - Your options |2026|\" \/>\n<meta property=\"og:description\" content=\"Would you like to check in your flight at the airport? Then take a look at our check-in guides.\" \/>\n<meta property=\"og:url\" content=\"https:\/\/flug-check-in.de\/en\/airport-check-in\/\" \/>\n<meta property=\"og:site_name\" content=\"Flug-Check-in.de\" \/>\n<meta property=\"article:modified_time\" content=\"2023-06-24T18:08:17+00:00\" \/>\n<meta property=\"og:image\" content=\"https:\/\/flug-check-in.de\/wp-content\/uploads\/Check-in-am-Flughafen-1.jpg\" \/>\n\t<meta property=\"og:image:width\" content=\"1800\" \/>\n\t<meta property=\"og:image:height\" content=\"1200\" \/>\n\t<meta property=\"og:image:type\" content=\"image\/jpeg\" \/>\n<meta name=\"twitter:card\" content=\"summary_large_image\" \/>\n<meta name=\"twitter:label1\" content=\"Est. reading time\" \/>\n\t<meta name=\"twitter:data1\" content=\"4 minutes\" \/>\n<script type=\"application\/ld+json\" class=\"yoast-schema-graph\">{\"@context\":\"https:\/\/schema.org\",\"@graph\":[{\"@type\":\"WebPage\",\"@id\":\"https:\/\/flug-check-in.de\/en\/airport-check-in\/\",\"url\":\"https:\/\/flug-check-in.de\/en\/airport-check-in\/\",\"name\":\"Check in your flight at the airport - Your options |2026|\",\"isPartOf\":{\"@id\":\"https:\/\/flug-check-in.de\/en\/#website\"},\"primaryImageOfPage\":{\"@id\":\"https:\/\/flug-check-in.de\/en\/airport-check-in\/#primaryimage\"},\"image\":{\"@id\":\"https:\/\/flug-check-in.de\/en\/airport-check-in\/#primaryimage\"},\"thumbnailUrl\":\"https:\/\/flug-check-in.de\/wp-content\/uploads\/Check-in-am-Flughafen-1.jpg\",\"datePublished\":\"2023-04-04T09:09:49+00:00\",\"dateModified\":\"2023-06-24T18:08:17+00:00\",\"description\":\"Would you like to check in your flight at the airport? Then take a look at our check-in guides.\",\"breadcrumb\":{\"@id\":\"https:\/\/flug-check-in.de\/en\/airport-check-in\/#breadcrumb\"},\"inLanguage\":\"en-US\",\"potentialAction\":[{\"@type\":\"ReadAction\",\"target\":[\"https:\/\/flug-check-in.de\/en\/airport-check-in\/\"]}]},{\"@type\":\"ImageObject\",\"inLanguage\":\"en-US\",\"@id\":\"https:\/\/flug-check-in.de\/en\/airport-check-in\/#primaryimage\",\"url\":\"https:\/\/flug-check-in.de\/wp-content\/uploads\/Check-in-am-Flughafen-1.jpg\",\"contentUrl\":\"https:\/\/flug-check-in.de\/wp-content\/uploads\/Check-in-am-Flughafen-1.jpg\",\"width\":1800,\"height\":1200,\"caption\":\"Check in am Flughafen\"},{\"@type\":\"BreadcrumbList\",\"@id\":\"https:\/\/flug-check-in.de\/en\/airport-check-in\/#breadcrumb\",\"itemListElement\":[{\"@type\":\"ListItem\",\"position\":1,\"name\":\"Home\",\"item\":\"https:\/\/flug-check-in.de\/en\/\"},{\"@type\":\"ListItem\",\"position\":2,\"name\":\"Airport check-in\"}]},{\"@type\":\"WebSite\",\"@id\":\"https:\/\/flug-check-in.de\/en\/#website\",\"url\":\"https:\/\/flug-check-in.de\/en\/\",\"name\":\"Flug-Check-in.de\",\"description\":\"Fly Travel Worldwide\",\"publisher\":{\"@id\":\"https:\/\/flug-check-in.de\/en\/#organization\"},\"potentialAction\":[{\"@type\":\"SearchAction\",\"target\":{\"@type\":\"EntryPoint\",\"urlTemplate\":\"https:\/\/flug-check-in.de\/en\/?s={search_term_string}\"},\"query-input\":{\"@type\":\"PropertyValueSpecification\",\"valueRequired\":true,\"valueName\":\"search_term_string\"}}],\"inLanguage\":\"en-US\"},{\"@type\":\"Organization\",\"@id\":\"https:\/\/flug-check-in.de\/en\/#organization\",\"name\":\"Flug-check-in.de\",\"url\":\"https:\/\/flug-check-in.de\/en\/\",\"logo\":{\"@type\":\"ImageObject\",\"inLanguage\":\"en-US\",\"@id\":\"https:\/\/flug-check-in.de\/en\/#\/schema\/logo\/image\/\",\"url\":\"https:\/\/flug-check-in.de\/wp-content\/uploads\/FLUG-CHECK-IN-logo-2023-1.png\",\"contentUrl\":\"https:\/\/flug-check-in.de\/wp-content\/uploads\/FLUG-CHECK-IN-logo-2023-1.png\",\"width\":800,\"height\":200,\"caption\":\"Flug-check-in.de\"},\"image\":{\"@id\":\"https:\/\/flug-check-in.de\/en\/#\/schema\/logo\/image\/\"},\"sameAs\":[\"https:\/\/www.linkedin.com\/company\/flug-check-in-de\/\"]}]}<\/script>\n<!-- \/ Yoast SEO plugin. -->","yoast_head_json":{"title":"Check in your flight at the airport - Your options |2026|","description":"Would you like to check in your flight at the airport? Then take a look at our check-in guides.","robots":{"index":"index","follow":"follow","max-snippet":"max-snippet:-1","max-image-preview":"max-image-preview:large","max-video-preview":"max-video-preview:-1"},"canonical":"https:\/\/flug-check-in.de\/en\/airport-check-in\/","og_locale":"en_US","og_type":"article","og_title":"Check in your flight at the airport - Your options |2026|","og_description":"Would you like to check in your flight at the airport? Then take a look at our check-in guides.","og_url":"https:\/\/flug-check-in.de\/en\/airport-check-in\/","og_site_name":"Flug-Check-in.de","article_modified_time":"2023-06-24T18:08:17+00:00","og_image":[{"width":1800,"height":1200,"url":"https:\/\/flug-check-in.de\/wp-content\/uploads\/Check-in-am-Flughafen-1.jpg","type":"image\/jpeg"}],"twitter_card":"summary_large_image","twitter_misc":{"Est. reading time":"4 minutes"},"schema":{"@context":"https:\/\/schema.org","@graph":[{"@type":"WebPage","@id":"https:\/\/flug-check-in.de\/en\/airport-check-in\/","url":"https:\/\/flug-check-in.de\/en\/airport-check-in\/","name":"Check in your flight at the airport - Your options |2026|","isPartOf":{"@id":"https:\/\/flug-check-in.de\/en\/#website"},"primaryImageOfPage":{"@id":"https:\/\/flug-check-in.de\/en\/airport-check-in\/#primaryimage"},"image":{"@id":"https:\/\/flug-check-in.de\/en\/airport-check-in\/#primaryimage"},"thumbnailUrl":"https:\/\/flug-check-in.de\/wp-content\/uploads\/Check-in-am-Flughafen-1.jpg","datePublished":"2023-04-04T09:09:49+00:00","dateModified":"2023-06-24T18:08:17+00:00","description":"Would you like to check in your flight at the airport? Then take a look at our check-in guides.","breadcrumb":{"@id":"https:\/\/flug-check-in.de\/en\/airport-check-in\/#breadcrumb"},"inLanguage":"en-US","potentialAction":[{"@type":"ReadAction","target":["https:\/\/flug-check-in.de\/en\/airport-check-in\/"]}]},{"@type":"ImageObject","inLanguage":"en-US","@id":"https:\/\/flug-check-in.de\/en\/airport-check-in\/#primaryimage","url":"https:\/\/flug-check-in.de\/wp-content\/uploads\/Check-in-am-Flughafen-1.jpg","contentUrl":"https:\/\/flug-check-in.de\/wp-content\/uploads\/Check-in-am-Flughafen-1.jpg","width":1800,"height":1200,"caption":"Check in am Flughafen"},{"@type":"BreadcrumbList","@id":"https:\/\/flug-check-in.de\/en\/airport-check-in\/#breadcrumb","itemListElement":[{"@type":"ListItem","position":1,"name":"Home","item":"https:\/\/flug-check-in.de\/en\/"},{"@type":"ListItem","position":2,"name":"Airport check-in"}]},{"@type":"WebSite","@id":"https:\/\/flug-check-in.de\/en\/#website","url":"https:\/\/flug-check-in.de\/en\/","name":"Flug-Check-in.de","description":"Fly Travel Worldwide","publisher":{"@id":"https:\/\/flug-check-in.de\/en\/#organization"},"potentialAction":[{"@type":"SearchAction","target":{"@type":"EntryPoint","urlTemplate":"https:\/\/flug-check-in.de\/en\/?s={search_term_string}"},"query-input":{"@type":"PropertyValueSpecification","valueRequired":true,"valueName":"search_term_string"}}],"inLanguage":"en-US"},{"@type":"Organization","@id":"https:\/\/flug-check-in.de\/en\/#organization","name":"Flug-check-in.de","url":"https:\/\/flug-check-in.de\/en\/","logo":{"@type":"ImageObject","inLanguage":"en-US","@id":"https:\/\/flug-check-in.de\/en\/#\/schema\/logo\/image\/","url":"https:\/\/flug-check-in.de\/wp-content\/uploads\/FLUG-CHECK-IN-logo-2023-1.png","contentUrl":"https:\/\/flug-check-in.de\/wp-content\/uploads\/FLUG-CHECK-IN-logo-2023-1.png","width":800,"height":200,"caption":"Flug-check-in.de"},"image":{"@id":"https:\/\/flug-check-in.de\/en\/#\/schema\/logo\/image\/"},"sameAs":["https:\/\/www.linkedin.com\/company\/flug-check-in-de\/"]}]}},"_links":{"self":[{"href":"https:\/\/flug-check-in.de\/en\/wp-json\/wp\/v2\/pages\/6604","targetHints":{"allow":["GET"]}}],"collection":[{"href":"https:\/\/flug-check-in.de\/en\/wp-json\/wp\/v2\/pages"}],"about":[{"href":"https:\/\/flug-check-in.de\/en\/wp-json\/wp\/v2\/types\/page"}],"author":[{"embeddable":true,"href":"https:\/\/flug-check-in.de\/en\/wp-json\/wp\/v2\/users\/1"}],"replies":[{"embeddable":true,"href":"https:\/\/flug-check-in.de\/en\/wp-json\/wp\/v2\/comments?post=6604"}],"version-history":[{"count":0,"href":"https:\/\/flug-check-in.de\/en\/wp-json\/wp\/v2\/pages\/6604\/revisions"}],"wp:featuredmedia":[{"embeddable":true,"href":"https:\/\/flug-check-in.de\/en\/wp-json\/wp\/v2\/media\/6457"}],"wp:attachment":[{"href":"https:\/\/flug-check-in.de\/en\/wp-json\/wp\/v2\/media?parent=6604"}],"curies":[{"name":"wp","href":"https:\/\/api.w.org\/{rel}","templated":true}]}}