{"id":6602,"date":"2023-05-03T17:05:53","date_gmt":"2023-05-03T15:05:53","guid":{"rendered":"https:\/\/flug-check-in.de\/flight-schedule-pegasus\/"},"modified":"2025-06-12T11:43:31","modified_gmt":"2025-06-12T09:43:31","slug":"flight-schedule-pegasus","status":"publish","type":"page","link":"https:\/\/flug-check-in.de\/en\/timetable-overview\/flight-schedule-pegasus\/","title":{"rendered":"Flight schedule Pegasus"},"content":{"rendered":"\n<p>With its current flight schedule, Pegasus offers travel to around <strong>125 different destinations<\/strong> . Both international flights and domestic flights (in Turkey) are available.  <\/p>\n\n\n\n<div class=\"wp-block-columns is-layout-flex wp-container-core-columns-is-layout-28f84493 wp-block-columns-is-layout-flex\">\n<div class=\"wp-block-column is-layout-flow wp-block-column-is-layout-flow\">\n<h4 class=\"wp-block-heading\">International<\/h4>\n\n\n\n<figure class=\"wp-block-image size-large\"><img decoding=\"async\" width=\"1024\" height=\"544\" src=\"https:\/\/flug-check-in.de\/wp-content\/uploads\/Flugplan-Pegasus-International-1024x544.jpg\" alt=\"\" class=\"wp-image-5406\" srcset=\"https:\/\/flug-check-in.de\/wp-content\/uploads\/Flugplan-Pegasus-International-1024x544.jpg 1024w, https:\/\/flug-check-in.de\/wp-content\/uploads\/Flugplan-Pegasus-International-300x159.jpg 300w, https:\/\/flug-check-in.de\/wp-content\/uploads\/Flugplan-Pegasus-International-768x408.jpg 768w, https:\/\/flug-check-in.de\/wp-content\/uploads\/Flugplan-Pegasus-International.jpg 1121w\" sizes=\"(max-width: 1024px) 100vw, 1024px\" \/><figcaption class=\"wp-element-caption\">Source: https:\/\/www.flypgs.com\/de\/nutzliche-infos\/fluginformation\/destinationen<\/figcaption><\/figure>\n\n\n\n<p>Internationally, Pegasus currently flies to the following airports and countries:  <\/p>\n\n\n\n<div id=\"wp-block-themeisle-blocks-accordion-8cde19d2\" class=\"wp-block-themeisle-blocks-accordion exclusive\">\n<details class=\"wp-block-themeisle-blocks-accordion-item\"><summary class=\"wp-block-themeisle-blocks-accordion-item__title\"><div>Pegasus Flight Schedule Europe<\/div><\/summary><div class=\"wp-block-themeisle-blocks-accordion-item__content\">\n<p><strong>ALBANIA<\/strong><br>Tirana<\/p>\n\n\n\n<p><strong>BELGIUM<\/strong><br>Brussels<br>Charleroi<\/p>\n\n\n\n<p><strong>BOSNIA AND HERZEGOVINA<br><\/strong>Sarajevo<\/p>\n\n\n\n<p><strong>BULGARIA<\/strong><br>Plovdiv<br>Sofia<\/p>\n\n\n\n<p><strong>DENMARK<\/strong><br>Copenhagen<\/p>\n\n\n\n<p><strong>GERMANY<\/strong><br>Berlin<br>D\u00fcsseldorf<br>Frankfurt<br>Hamburg<br>Hanover<br>Cologne<br>Leipzig<br>Munich<br>Nuremberg<br>Stuttgart<\/p>\n\n\n\n<p><strong>FINLAND<\/strong><br>Helsinki<\/p>\n\n\n\n<p><strong>FRANCE<\/strong><br>Lyon<br>Marseille<br>Paris<\/p>\n\n\n\n<p><strong>GREECE<\/strong><br>Athens<br>Rhodes<\/p>\n\n\n\n<p><strong>UNITED KINGDOM<br><\/strong>London<br>Manchester<\/p>\n\n\n\n<p><strong>ITALY<\/strong><br>Bari<br>Bologna<br>Milan<br>Rome<br>Venice<\/p>\n\n\n\n<p><strong>KOSOVO<\/strong><br>Pristina<\/p>\n\n\n\n<p><strong>NORTH MACEDONIA<br><\/strong>Skopje<\/p>\n\n\n\n<p><strong>MOLDOVA<\/strong><br>Chisinau<\/p>\n\n\n\n<p><strong>NETHERLANDS<\/strong><br>Amsterdam<br>Eindhoven<br>Rotterdam<\/p>\n\n\n\n<p><strong>NORWAY<\/strong><br>Oslo<\/p>\n\n\n\n<p><strong>AUSTRIA<\/strong><br>Vienna<\/p>\n\n\n\n<p><strong>POLAND<\/strong><br>Warsaw<\/p>\n\n\n\n<p><strong>ROMANIA<\/strong><br>Bucharest<\/p>\n\n\n\n<p><strong>RUSSIA<\/strong><br>Grozny<br>Krasnodar<br>Makhachkala<br>Mineralnye Vody<br>Moscow<br>St. Petersburg<\/p>\n\n\n\n<p><strong>SWEDEN<\/strong><br>Stockholm<\/p>\n\n\n\n<p><strong>SWITZERLAND<\/strong><br>Basel<br>Geneva<br>Zurich<\/p>\n\n\n\n<p><strong>SERBIA<\/strong><br>Belgrade<\/p>\n\n\n\n<p><strong>SPAIN<\/strong><br>Barcelona<br>Madrid<\/p>\n\n\n\n<p><strong>CZECHIA<\/strong><br>Prague<\/p>\n\n\n\n<p><strong>UKRAINE<\/strong><br>Kharkiv<br>Kherson<br>Kyiv<br>Lviv<br>Odessa<br>Zaporizhzhia<\/p>\n\n\n\n<p><strong>HUNGARY<\/strong><br>Budapest<\/p>\n\n\n\n<p><strong>CYPRUS<\/strong><br>Nicosia<\/p>\n<\/div><\/details>\n\n\n\n<details class=\"wp-block-themeisle-blocks-accordion-item\"><summary class=\"wp-block-themeisle-blocks-accordion-item__title\"><div>Pegasus Flight Schedule Asia<\/div><\/summary><div class=\"wp-block-themeisle-blocks-accordion-item__content\">\n<p><strong>ARMENIA<\/strong><br>Yerevan<\/p>\n\n\n\n<p><strong>AZERBAIJAN<\/strong><br>Baku<br>Ganja<\/p>\n\n\n\n<p><strong>GEORGIA<\/strong><br>Tbilisi<\/p>\n\n\n\n<p><strong>IRAQ<\/strong><br>Baghdad<br>Erbil<br>Sulaymaniyah<\/p>\n\n\n\n<p><strong>IRAN<\/strong><br>Tabriz<br>Tehran<\/p>\n\n\n\n<p><strong>ISRAEL<\/strong><br>Tel Aviv<\/p>\n\n\n\n<p><strong>JORDAN<\/strong><br>Amman<\/p>\n\n\n\n<p><strong>KAZAKHSTAN<br><\/strong>Almaty<br>Astana<br>Shymkent<\/p>\n\n\n\n<p><strong>QATAR<br><\/strong>Doha<\/p>\n\n\n\n<p><strong>KYRGYZSTAN<br><\/strong>Bishkek<br>Osh<\/p>\n\n\n\n<p><strong>BAHRAIN<br><\/strong>Manama<\/p>\n\n\n\n<p><strong>KUWAIT<\/strong><br>Kuwait City<\/p>\n\n\n\n<p><strong>LEBANON<br><\/strong>Beirut<\/p>\n\n\n\n<p><strong>OMAN<\/strong><br>Muscat<\/p>\n\n\n\n<p><strong>PAKISTAN<br><\/strong>Karachi<\/p>\n\n\n\n<p><strong>SAUDI ARABIA<br><\/strong>Dammam<br>Jeddah<br>Medina<br>Riyadh<\/p>\n\n\n\n<p><strong>U.A.E.<br><\/strong>Abu Dhabi<br>Dubai<br>Ras Al Khaimah<\/p>\n<\/div><\/details>\n\n\n\n<details class=\"wp-block-themeisle-blocks-accordion-item\"><summary class=\"wp-block-themeisle-blocks-accordion-item__title\"><div>Pegasus Flight Schedule Africa<\/div><\/summary><div class=\"wp-block-themeisle-blocks-accordion-item__content\">\n<p><strong>EGYPT<\/strong><br>Hurghada<br>Cairo<br>Sharm el-Sheikh<\/p>\n\n\n\n<p><strong>MOROCCO<\/strong><br>Casablanca<\/p>\n<\/div><\/details>\n<\/div>\n<\/div>\n\n\n\n<div class=\"wp-block-column is-layout-flow wp-block-column-is-layout-flow\">\n<h4 class=\"wp-block-heading\">National (Turkey)<\/h4>\n\n\n\n<figure class=\"wp-block-image size-large\"><img decoding=\"async\" width=\"1024\" height=\"512\" src=\"https:\/\/flug-check-in.de\/wp-content\/uploads\/Flugplan-Pegasus-Inland-1024x512.jpg\" alt=\"\" class=\"wp-image-5407\" srcset=\"https:\/\/flug-check-in.de\/wp-content\/uploads\/Flugplan-Pegasus-Inland-1024x512.jpg 1024w, https:\/\/flug-check-in.de\/wp-content\/uploads\/Flugplan-Pegasus-Inland-300x150.jpg 300w, https:\/\/flug-check-in.de\/wp-content\/uploads\/Flugplan-Pegasus-Inland-768x384.jpg 768w, https:\/\/flug-check-in.de\/wp-content\/uploads\/Flugplan-Pegasus-Inland.jpg 1195w\" sizes=\"(max-width: 1024px) 100vw, 1024px\" \/><figcaption class=\"wp-element-caption\">Source: https:\/\/www.flypgs.com\/de\/nutzliche-infos\/fluginformation\/destinationen<\/figcaption><\/figure>\n\n\n\n<p>In Turkey, Pegasus offers the following destinations:  <\/p>\n\n\n\n<div id=\"wp-block-themeisle-blocks-accordion-749c9b3b\" class=\"wp-block-themeisle-blocks-accordion exclusive\">\n<details class=\"wp-block-themeisle-blocks-accordion-item\"><summary class=\"wp-block-themeisle-blocks-accordion-item__title\"><div>Pegasus Domestic Flight Schedule (Turkey)<\/div><\/summary><div class=\"wp-block-themeisle-blocks-accordion-item__content\">\n<p>Adana<br>Agri<br>Alanya<br>Amasya<br>Ankara<br>Antakya<br>Antalya<br>Batman<br>Bingol<br>Bodrum<br>Corlu<br>Dalaman<br>Denizli<br>Diyarbakir<br>Edremit<br>Elazig<br>Erzincan<br>Erzurum<br>Gaziantep<br>Giresun<br>I\u011fd\u0131r<br>Istanbul<br>Izmir<br>Kahramanmaras<br>Kars<br>Kayseri<br>Konya<br>K\u00fctahya<br>Malatya<br>Mardin<br>Mush<br>Ordu<br>Rize<br>Samsun<br>Sanliurfa<br>Sinop<br>Sivas<br>Trabzon<br>Van<\/p>\n<\/div><\/details>\n<\/div>\n<\/div>\n<\/div>\n\n\n\n<h2 class=\"wp-block-heading\">Pegasus flight schedule (flypgs) what is important?<\/h2>\n\n\n\n<p>If you click on the individual destinations of the Pegasus or flypgs flight schedule above, the Pegaus flight search opens. Select your point of departure and destination, as well as the desired travel date and number of passengers. If you now search for the flight connection, you will immediately receive the result as to whether a direct flight is possible according to the flight schedule or whether you can be offered an alternative route with the possibility of connecting flights.  <\/p>\n\n\n\n<p>The results list of the Pegasus flight schedule contain additional information that is important for you as a passenger:<\/p>\n\n\n\n<ul class=\"wp-block-list\">\n<li><strong><strong>The flight number (of Pegasus):<\/strong><\/strong> The unique identifier assigned to each flight to distinguish it from other flights.<\/li>\n\n\n\n<li><strong>The place of departure:<\/strong> The airport from which the flight departs &#8211; Usually the airport abbreviation.<\/li>\n\n\n\n<li><strong>The destination airport: <\/strong>The airport where the flight lands &#8211; Usually the airport abbreviation.<\/li>\n\n\n\n<li><strong>The departure time:<\/strong> The scheduled departure time of the flight.<\/li>\n\n\n\n<li><strong>The arrival time:<\/strong> The scheduled arrival time of the flight.<\/li>\n\n\n\n<li><strong>Connecting:<\/strong> If you need to change.<\/li>\n\n\n\n<li><strong>The price<\/strong><\/li>\n<\/ul>\n\n\n\n<figure class=\"wp-block-image size-large\"><img decoding=\"async\" width=\"1024\" height=\"592\" src=\"https:\/\/flug-check-in.de\/wp-content\/uploads\/Beispiel-Flugplan-Pegasus-1024x592.jpg\" alt=\"\" class=\"wp-image-5413\" srcset=\"https:\/\/flug-check-in.de\/wp-content\/uploads\/Beispiel-Flugplan-Pegasus-1024x592.jpg 1024w, https:\/\/flug-check-in.de\/wp-content\/uploads\/Beispiel-Flugplan-Pegasus-300x173.jpg 300w, https:\/\/flug-check-in.de\/wp-content\/uploads\/Beispiel-Flugplan-Pegasus-768x444.jpg 768w, https:\/\/flug-check-in.de\/wp-content\/uploads\/Beispiel-Flugplan-Pegasus.jpg 1135w\" sizes=\"(max-width: 1024px) 100vw, 1024px\" \/><figcaption class=\"wp-element-caption\">Source: https:\/\/web.flypgs.com\/booking<\/figcaption><\/figure>\n\n\n\n<h2 class=\"wp-block-heading\">Check flight status according to the flight schedule<\/h2>\n\n\n\n<h3 class=\"wp-block-heading\">About Pegasus<\/h3>\n\n\n\n<p>If you want to see the Pegasus flight schedule, you will need the PNR number of your booked flight. This PNR number is a unique identifier assigned by the airline for each booking in order to distinguish the flight from other flights. This number is usually indicated in your <a href=\"https:\/\/flug-check-in.de\/en\/booking-code-ticket-number-reference-number\/\">booking documents<\/a> . You can then use the Pegasus website to check your flight status according to the flight schedule.<\/p>\n\n\n\n<p>Therefore, check them carefully to find the flight number of your Pegasus flight. Once you have the flight number, you can use it to browse the flight schedule on the Pegasus website or other relevant websites.<\/p>\n\n\n\n<h3 class=\"wp-block-heading\">About the airport<\/h3>\n\n\n\n<p>You can also check the flight status using the flight number of your Pegasus flight. The flight number can also be found in your travel documents. As a rule, the flight number consists of a combination of letters and numbers. Go to the website of the departure airport and search for the airport&#8217;s flight schedule. With the flight number, you should now be able to find your flight and see the current status of the flight.  <\/p>\n\n\n\n<h3 class=\"wp-block-heading\">Learn more about flight schedules.<\/h3>\n\n\n\n<p>Would you like to know more about flight schedules? Then visit our flight schedule page and find out more in our <a href=\"https:\/\/flug-check-in.de\/en\/timetable-overview\/\">flight schedule<\/a> overview.<\/p>\n\n\n\n<div class=\"wp-block-columns is-layout-flex wp-container-core-columns-is-layout-28f84493 wp-block-columns-is-layout-flex\">\n<div class=\"wp-block-column has-background-color-background-color has-background is-layout-flow wp-block-column-is-layout-flow\">\n<p><\/p>\n\n\n\n<p class=\"has-text-align-center\"><strong><a href=\"https:\/\/www.eurowings.com\/de\/entdecken\/reiseziele\/flugplan.html\" target=\"_blank\" rel=\"noreferrer noopener nofollow\">Flight schedule Pegasus<\/a><\/strong><\/p>\n<\/div>\n\n\n\n<div class=\"wp-block-column has-background-color-background-color has-background is-layout-flow wp-block-column-is-layout-flow\">\n<p><\/p>\n\n\n\n<p class=\"has-text-align-center\"><strong><a href=\"https:\/\/flug-check-in.de\/en\/eurowings-online-check-in\/\">Check-in Pegasus<\/a><\/strong><\/p>\n<\/div>\n\n\n\n<div class=\"wp-block-column has-background-color-background-color has-background is-layout-flow wp-block-column-is-layout-flow\">\n<p><\/p>\n\n\n\n<p class=\"has-text-align-center\"><strong><a href=\"https:\/\/flug-check-in.de\/en\/seat-reservations\/reserve-your-eurowings-seat\/\">Reserve your Pegasus seat<\/a><\/strong><\/p>\n<\/div>\n\n\n\n<div class=\"wp-block-column has-background-color-background-color has-background is-layout-flow wp-block-column-is-layout-flow\">\n<p><\/p>\n\n\n\n<p class=\"has-text-align-center\"><strong><a href=\"https:\/\/flug-check-in.de\/en\/baggage\/eurowings-baggage-policy\/\">Pegasus Baggage Policy<\/a><\/strong><\/p>\n<\/div>\n\n\n\n<div class=\"wp-block-column has-background-color-background-color has-background is-layout-flow wp-block-column-is-layout-flow\">\n<p><\/p>\n\n\n\n<p class=\"has-text-align-center\"><strong><a href=\"https:\/\/flug-check-in.de\/en\/find-flights\/\" target=\"_blank\" rel=\"noreferrer noopener\">Book a cheap Pegasus flight<\/a><\/strong><\/p>\n<\/div>\n<\/div>\n","protected":false},"excerpt":{"rendered":"<p>With its current flight schedule, Pegasus offers travel to around 125 different destinations . Both international flights and domestic flights (in Turkey) are available. International Internationally, Pegasus currently flies to the following airports and countries: National (Turkey) In Turkey, Pegasus offers the following destinations: Pegasus flight schedule (flypgs) what is [&hellip;]<\/p>\n","protected":false},"author":1,"featured_media":6471,"parent":6680,"menu_order":0,"comment_status":"closed","ping_status":"closed","template":"","meta":{"_themeisle_gutenberg_block_has_review":false,"footnotes":""},"class_list":["post-6602","page","type-page","status-publish","has-post-thumbnail","hentry"],"yoast_head":"<!-- This site is optimized with the Yoast SEO plugin v27.1.1 - https:\/\/yoast.com\/product\/yoast-seo-wordpress\/ -->\n<title>Flight schedule Pegasus |2026| - Find a flight<\/title>\n<meta name=\"description\" content=\"With this Pegasus flight schedule overview you will find the right flight connection and all important information.\" \/>\n<meta name=\"robots\" content=\"index, follow, max-snippet:-1, max-image-preview:large, max-video-preview:-1\" \/>\n<link rel=\"canonical\" href=\"https:\/\/flug-check-in.de\/en\/timetable-overview\/flight-schedule-pegasus\/\" \/>\n<meta property=\"og:locale\" content=\"en_US\" \/>\n<meta property=\"og:type\" content=\"article\" \/>\n<meta property=\"og:title\" content=\"Flight schedule Pegasus |2026| - Find a flight\" \/>\n<meta property=\"og:description\" content=\"With this Pegasus flight schedule overview you will find the right flight connection and all important information.\" \/>\n<meta property=\"og:url\" content=\"https:\/\/flug-check-in.de\/en\/timetable-overview\/flight-schedule-pegasus\/\" \/>\n<meta property=\"og:site_name\" content=\"Flug-Check-in.de\" \/>\n<meta property=\"article:modified_time\" content=\"2025-06-12T09:43:31+00:00\" \/>\n<meta property=\"og:image\" content=\"https:\/\/flug-check-in.de\/wp-content\/uploads\/Pegasus-flypgs-Flugplan.jpg\" \/>\n\t<meta property=\"og:image:width\" content=\"1800\" \/>\n\t<meta property=\"og:image:height\" content=\"1200\" \/>\n\t<meta property=\"og:image:type\" content=\"image\/jpeg\" \/>\n<meta name=\"twitter:card\" content=\"summary_large_image\" \/>\n<meta name=\"twitter:label1\" content=\"Est. reading time\" \/>\n\t<meta name=\"twitter:data1\" content=\"5 minutes\" \/>\n<script type=\"application\/ld+json\" class=\"yoast-schema-graph\">{\"@context\":\"https:\/\/schema.org\",\"@graph\":[{\"@type\":\"WebPage\",\"@id\":\"https:\/\/flug-check-in.de\/en\/timetable-overview\/flight-schedule-pegasus\/\",\"url\":\"https:\/\/flug-check-in.de\/en\/timetable-overview\/flight-schedule-pegasus\/\",\"name\":\"Flight schedule Pegasus |2026| - Find a flight\",\"isPartOf\":{\"@id\":\"https:\/\/flug-check-in.de\/en\/#website\"},\"primaryImageOfPage\":{\"@id\":\"https:\/\/flug-check-in.de\/en\/timetable-overview\/flight-schedule-pegasus\/#primaryimage\"},\"image\":{\"@id\":\"https:\/\/flug-check-in.de\/en\/timetable-overview\/flight-schedule-pegasus\/#primaryimage\"},\"thumbnailUrl\":\"https:\/\/flug-check-in.de\/wp-content\/uploads\/Pegasus-flypgs-Flugplan.jpg\",\"datePublished\":\"2023-05-03T15:05:53+00:00\",\"dateModified\":\"2025-06-12T09:43:31+00:00\",\"description\":\"With this Pegasus flight schedule overview you will find the right flight connection and all important information.\",\"breadcrumb\":{\"@id\":\"https:\/\/flug-check-in.de\/en\/timetable-overview\/flight-schedule-pegasus\/#breadcrumb\"},\"inLanguage\":\"en-US\",\"potentialAction\":[{\"@type\":\"ReadAction\",\"target\":[\"https:\/\/flug-check-in.de\/en\/timetable-overview\/flight-schedule-pegasus\/\"]}]},{\"@type\":\"ImageObject\",\"inLanguage\":\"en-US\",\"@id\":\"https:\/\/flug-check-in.de\/en\/timetable-overview\/flight-schedule-pegasus\/#primaryimage\",\"url\":\"https:\/\/flug-check-in.de\/wp-content\/uploads\/Pegasus-flypgs-Flugplan.jpg\",\"contentUrl\":\"https:\/\/flug-check-in.de\/wp-content\/uploads\/Pegasus-flypgs-Flugplan.jpg\",\"width\":1800,\"height\":1200,\"caption\":\"Pegasus flypgs Flugplan\"},{\"@type\":\"BreadcrumbList\",\"@id\":\"https:\/\/flug-check-in.de\/en\/timetable-overview\/flight-schedule-pegasus\/#breadcrumb\",\"itemListElement\":[{\"@type\":\"ListItem\",\"position\":1,\"name\":\"Home\",\"item\":\"https:\/\/flug-check-in.de\/en\/\"},{\"@type\":\"ListItem\",\"position\":2,\"name\":\"Timetable overview\",\"item\":\"https:\/\/flug-check-in.de\/en\/timetable-overview\/\"},{\"@type\":\"ListItem\",\"position\":3,\"name\":\"Flight schedule Pegasus\"}]},{\"@type\":\"WebSite\",\"@id\":\"https:\/\/flug-check-in.de\/en\/#website\",\"url\":\"https:\/\/flug-check-in.de\/en\/\",\"name\":\"Flug-Check-in.de\",\"description\":\"Fly Travel Worldwide\",\"publisher\":{\"@id\":\"https:\/\/flug-check-in.de\/en\/#organization\"},\"potentialAction\":[{\"@type\":\"SearchAction\",\"target\":{\"@type\":\"EntryPoint\",\"urlTemplate\":\"https:\/\/flug-check-in.de\/en\/?s={search_term_string}\"},\"query-input\":{\"@type\":\"PropertyValueSpecification\",\"valueRequired\":true,\"valueName\":\"search_term_string\"}}],\"inLanguage\":\"en-US\"},{\"@type\":\"Organization\",\"@id\":\"https:\/\/flug-check-in.de\/en\/#organization\",\"name\":\"Flug-check-in.de\",\"url\":\"https:\/\/flug-check-in.de\/en\/\",\"logo\":{\"@type\":\"ImageObject\",\"inLanguage\":\"en-US\",\"@id\":\"https:\/\/flug-check-in.de\/en\/#\/schema\/logo\/image\/\",\"url\":\"https:\/\/flug-check-in.de\/wp-content\/uploads\/FLUG-CHECK-IN-logo-2023-1.png\",\"contentUrl\":\"https:\/\/flug-check-in.de\/wp-content\/uploads\/FLUG-CHECK-IN-logo-2023-1.png\",\"width\":800,\"height\":200,\"caption\":\"Flug-check-in.de\"},\"image\":{\"@id\":\"https:\/\/flug-check-in.de\/en\/#\/schema\/logo\/image\/\"},\"sameAs\":[\"https:\/\/www.linkedin.com\/company\/flug-check-in-de\/\"]}]}<\/script>\n<!-- \/ Yoast SEO plugin. -->","yoast_head_json":{"title":"Flight schedule Pegasus |2026| - Find a flight","description":"With this Pegasus flight schedule overview you will find the right flight connection and all important information.","robots":{"index":"index","follow":"follow","max-snippet":"max-snippet:-1","max-image-preview":"max-image-preview:large","max-video-preview":"max-video-preview:-1"},"canonical":"https:\/\/flug-check-in.de\/en\/timetable-overview\/flight-schedule-pegasus\/","og_locale":"en_US","og_type":"article","og_title":"Flight schedule Pegasus |2026| - Find a flight","og_description":"With this Pegasus flight schedule overview you will find the right flight connection and all important information.","og_url":"https:\/\/flug-check-in.de\/en\/timetable-overview\/flight-schedule-pegasus\/","og_site_name":"Flug-Check-in.de","article_modified_time":"2025-06-12T09:43:31+00:00","og_image":[{"width":1800,"height":1200,"url":"https:\/\/flug-check-in.de\/wp-content\/uploads\/Pegasus-flypgs-Flugplan.jpg","type":"image\/jpeg"}],"twitter_card":"summary_large_image","twitter_misc":{"Est. reading time":"5 minutes"},"schema":{"@context":"https:\/\/schema.org","@graph":[{"@type":"WebPage","@id":"https:\/\/flug-check-in.de\/en\/timetable-overview\/flight-schedule-pegasus\/","url":"https:\/\/flug-check-in.de\/en\/timetable-overview\/flight-schedule-pegasus\/","name":"Flight schedule Pegasus |2026| - Find a flight","isPartOf":{"@id":"https:\/\/flug-check-in.de\/en\/#website"},"primaryImageOfPage":{"@id":"https:\/\/flug-check-in.de\/en\/timetable-overview\/flight-schedule-pegasus\/#primaryimage"},"image":{"@id":"https:\/\/flug-check-in.de\/en\/timetable-overview\/flight-schedule-pegasus\/#primaryimage"},"thumbnailUrl":"https:\/\/flug-check-in.de\/wp-content\/uploads\/Pegasus-flypgs-Flugplan.jpg","datePublished":"2023-05-03T15:05:53+00:00","dateModified":"2025-06-12T09:43:31+00:00","description":"With this Pegasus flight schedule overview you will find the right flight connection and all important information.","breadcrumb":{"@id":"https:\/\/flug-check-in.de\/en\/timetable-overview\/flight-schedule-pegasus\/#breadcrumb"},"inLanguage":"en-US","potentialAction":[{"@type":"ReadAction","target":["https:\/\/flug-check-in.de\/en\/timetable-overview\/flight-schedule-pegasus\/"]}]},{"@type":"ImageObject","inLanguage":"en-US","@id":"https:\/\/flug-check-in.de\/en\/timetable-overview\/flight-schedule-pegasus\/#primaryimage","url":"https:\/\/flug-check-in.de\/wp-content\/uploads\/Pegasus-flypgs-Flugplan.jpg","contentUrl":"https:\/\/flug-check-in.de\/wp-content\/uploads\/Pegasus-flypgs-Flugplan.jpg","width":1800,"height":1200,"caption":"Pegasus flypgs Flugplan"},{"@type":"BreadcrumbList","@id":"https:\/\/flug-check-in.de\/en\/timetable-overview\/flight-schedule-pegasus\/#breadcrumb","itemListElement":[{"@type":"ListItem","position":1,"name":"Home","item":"https:\/\/flug-check-in.de\/en\/"},{"@type":"ListItem","position":2,"name":"Timetable overview","item":"https:\/\/flug-check-in.de\/en\/timetable-overview\/"},{"@type":"ListItem","position":3,"name":"Flight schedule Pegasus"}]},{"@type":"WebSite","@id":"https:\/\/flug-check-in.de\/en\/#website","url":"https:\/\/flug-check-in.de\/en\/","name":"Flug-Check-in.de","description":"Fly Travel Worldwide","publisher":{"@id":"https:\/\/flug-check-in.de\/en\/#organization"},"potentialAction":[{"@type":"SearchAction","target":{"@type":"EntryPoint","urlTemplate":"https:\/\/flug-check-in.de\/en\/?s={search_term_string}"},"query-input":{"@type":"PropertyValueSpecification","valueRequired":true,"valueName":"search_term_string"}}],"inLanguage":"en-US"},{"@type":"Organization","@id":"https:\/\/flug-check-in.de\/en\/#organization","name":"Flug-check-in.de","url":"https:\/\/flug-check-in.de\/en\/","logo":{"@type":"ImageObject","inLanguage":"en-US","@id":"https:\/\/flug-check-in.de\/en\/#\/schema\/logo\/image\/","url":"https:\/\/flug-check-in.de\/wp-content\/uploads\/FLUG-CHECK-IN-logo-2023-1.png","contentUrl":"https:\/\/flug-check-in.de\/wp-content\/uploads\/FLUG-CHECK-IN-logo-2023-1.png","width":800,"height":200,"caption":"Flug-check-in.de"},"image":{"@id":"https:\/\/flug-check-in.de\/en\/#\/schema\/logo\/image\/"},"sameAs":["https:\/\/www.linkedin.com\/company\/flug-check-in-de\/"]}]}},"_links":{"self":[{"href":"https:\/\/flug-check-in.de\/en\/wp-json\/wp\/v2\/pages\/6602","targetHints":{"allow":["GET"]}}],"collection":[{"href":"https:\/\/flug-check-in.de\/en\/wp-json\/wp\/v2\/pages"}],"about":[{"href":"https:\/\/flug-check-in.de\/en\/wp-json\/wp\/v2\/types\/page"}],"author":[{"embeddable":true,"href":"https:\/\/flug-check-in.de\/en\/wp-json\/wp\/v2\/users\/1"}],"replies":[{"embeddable":true,"href":"https:\/\/flug-check-in.de\/en\/wp-json\/wp\/v2\/comments?post=6602"}],"version-history":[{"count":0,"href":"https:\/\/flug-check-in.de\/en\/wp-json\/wp\/v2\/pages\/6602\/revisions"}],"up":[{"embeddable":true,"href":"https:\/\/flug-check-in.de\/en\/wp-json\/wp\/v2\/pages\/6680"}],"wp:featuredmedia":[{"embeddable":true,"href":"https:\/\/flug-check-in.de\/en\/wp-json\/wp\/v2\/media\/6471"}],"wp:attachment":[{"href":"https:\/\/flug-check-in.de\/en\/wp-json\/wp\/v2\/media?parent=6602"}],"curies":[{"name":"wp","href":"https:\/\/api.w.org\/{rel}","templated":true}]}}